{"id":138,"date":"2025-10-06T20:09:13","date_gmt":"2025-10-06T18:09:13","guid":{"rendered":"http:\/\/www.pferdekardiologie.com\/?page_id=138"},"modified":"2025-10-06T20:13:48","modified_gmt":"2025-10-06T18:13:48","slug":"datenschutzerklaerung","status":"publish","type":"page","link":"http:\/\/www.pferdekardiologie.com\/?page_id=138","title":{"rendered":"Datenschutzerkl\u00e4rung"},"content":{"rendered":"<p class=\"whitespace-break-spaces\"><strong>Datenschutzerkl\u00e4rung<\/strong><\/p>\n<p class=\"whitespace-break-spaces\"><strong>Stand: Oktober 2025<\/strong><\/p>\n<p class=\"whitespace-break-spaces\"><strong>Verantwortlicher f\u00fcr die Datenverarbeitung<\/strong><\/p>\n<p>Tierarztpraxis Am Kl\u00f6renhof<br \/>\nPraxisinhaber: Dr. med. vet. Alexandra Feichtenschlager<br \/>\nVotzh\u00f6fe 9<br \/>\n47877 Willich<br \/>\nTelefon +49 (0) 2154 48 68 550<br \/>\nMobil +49 (0) 172 60 00 753<br \/>\nHomepage www.pferdekardiologie.com<br \/>\nE-Mail info at pferdekardiologie punkt com<\/p>\n<p>&nbsp;<\/p>\n<p class=\"whitespace-break-spaces\"><strong>Allgemeines<\/strong> Der Schutz Ihrer pers\u00f6nlichen Daten ist uns ein wichtiges Anliegen. Diese Datenschutzerkl\u00e4rung informiert Sie dar\u00fcber, wie wir mit Ihren Daten umgehen, wenn Sie unsere Website besuchen. Unsere Website dient ausschlie\u00dflich der Information \u00fcber unsere Praxis und unsere Leistungen. Es werden keine personenbezogenen Daten \u00fcber Formulare, Kommentarfunktionen oder Registrierungen erhoben.<\/p>\n<p class=\"whitespace-break-spaces\"><strong>Daten, die beim Besuch der Website automatisch erhoben werden<\/strong> Beim Aufruf unserer Website werden automatisch Informationen an unseren Webserver \u00fcbermittelt. Dazu geh\u00f6ren:<\/p>\n<ul>\n<li>IP-Adresse<\/li>\n<li>Datum und Uhrzeit des Zugriffs<\/li>\n<li>Name und URL der abgerufenen Datei<\/li>\n<li>Website, von der aus der Zugriff erfolgt (Referrer-URL)<\/li>\n<li>Verwendeter Browser und ggf. das Betriebssystem Ihres Rechners<\/li>\n<\/ul>\n<p>&nbsp;<br \/>\n&nbsp;<br \/>\n&nbsp;<br \/>\n&nbsp;<\/p>\n<p class=\"whitespace-break-spaces\">Diese Daten werden ausschlie\u00dflich zu technischen Zwecken (z.\u202fB. zur Bereitstellung der Website) und aus Sicherheitsgr\u00fcnden (z.\u202fB. zur Abwehr von Angriffen) erhoben und gespeichert. Eine Weitergabe an Dritte erfolgt nicht. Die Daten werden nach sp\u00e4testens 30 Tagen automatisch gel\u00f6scht.<\/p>\n<p class=\"whitespace-break-spaces\"><strong>Verwendung von Cookies<\/strong> Unsere Website nutzt technische Cookies, die f\u00fcr den Betrieb der Website erforderlich sind. Diese Cookies enthalten keine personenbezogenen Daten und werden nach dem Schlie\u00dfen des Browsers gel\u00f6scht. Sie k\u00f6nnen Ihren Browser so einstellen, dass Sie \u00fcber das Setzen von Cookies informiert werden und Cookies nur im Einzelfall erlauben.<\/p>\n<p class=\"whitespace-break-spaces\"><strong>Externe Links<\/strong> Unsere Website kann Links zu anderen Websites enthalten. F\u00fcr den Inhalt und die Datenschutzbestimmungen dieser externen Seiten sind deren Betreiber verantwortlich. Bitte informieren Sie sich dort \u00fcber den jeweiligen Umgang mit Ihren Daten.<\/p>\n<p class=\"whitespace-break-spaces\"><strong>Ihre Rechte<\/strong> Sie haben das Recht auf Auskunft \u00fcber die zu Ihrer Person gespeicherten Daten, deren Berichtigung, L\u00f6schung oder Einschr\u00e4nkung der Verarbeitung sowie das Recht auf Daten\u00fcbertragbarkeit. Bei Fragen oder Anliegen zum Datenschutz k\u00f6nnen Sie sich jederzeit an uns wenden.<\/p>\n<p class=\"whitespace-break-spaces\"><strong>\u00c4nderungen dieser Datenschutzerkl\u00e4rung<\/strong> Wir behalten uns vor, diese Datenschutzerkl\u00e4rung bei \u00c4nderungen der gesetzlichen Bestimmungen oder unseres Angebots anzupassen. Die aktuelle Fassung finden Sie stets auf dieser Seite.<\/p>\n<p class=\"whitespace-break-spaces\"><strong>Kontakt<\/strong> F\u00fcr Fragen zum Datenschutz stehen wir Ihnen gerne zur Verf\u00fcgung:<\/p>\n<p class=\"whitespace-break-spaces\">Tierarztpraxis Am Kl\u00f6renhof<br \/>\nPraxisinhaber: Dr. med. vet. Alexandra Feichtenschlager<br \/>\nVotzh\u00f6fe 9<br \/>\n47877 Willich<br \/>\nTelefon +49 (0) 2154 48 68 550<br \/>\nMobil +49 (0) 172 60 00 753<br \/>\nHomepage www.pferdekardiologie.com<br \/>\nE-Mail info at pferdekardiologie punkt com<\/p>\n<p class=\"whitespace-break-spaces\">\n","protected":false},"excerpt":{"rendered":"<p>Datenschutzerkl\u00e4rung Stand: Oktober 2025 Verantwortlicher f\u00fcr die Datenverarbeitung Tierarztpraxis Am Kl\u00f6renhof Praxisinhaber: Dr. med. vet. Alexandra Feichtenschlager Votzh\u00f6fe 9 47877 Willich Telefon +49 (0) 2154 48 68 550 Mobil +49 (0) 172 60 00 753 Homepage www.pferdekardiologie.com E-Mail info at pferdekardiologie punkt com &nbsp; Allgemeines Der Schutz Ihrer pers\u00f6nlichen Daten ist uns ein wichtiges Anliegen. [&hellip;]<\/p>\n","protected":false},"author":1,"featured_media":0,"parent":0,"menu_order":99,"comment_status":"closed","ping_status":"closed","template":"","meta":{"jetpack_post_was_ever_published":false,"footnotes":""},"class_list":["post-138","page","type-page","status-publish","hentry"],"jetpack_sharing_enabled":true,"jetpack_shortlink":"https:\/\/wp.me\/P7Mp2k-2e","_links":{"self":[{"href":"http:\/\/www.pferdekardiologie.com\/index.php?rest_route=\/wp\/v2\/pages\/138","targetHints":{"allow":["GET"]}}],"collection":[{"href":"http:\/\/www.pferdekardiologie.com\/index.php?rest_route=\/wp\/v2\/pages"}],"about":[{"href":"http:\/\/www.pferdekardiologie.com\/index.php?rest_route=\/wp\/v2\/types\/page"}],"author":[{"embeddable":true,"href":"http:\/\/www.pferdekardiologie.com\/index.php?rest_route=\/wp\/v2\/users\/1"}],"replies":[{"embeddable":true,"href":"http:\/\/www.pferdekardiologie.com\/index.php?rest_route=%2Fwp%2Fv2%2Fcomments&post=138"}],"version-history":[{"count":7,"href":"http:\/\/www.pferdekardiologie.com\/index.php?rest_route=\/wp\/v2\/pages\/138\/revisions"}],"predecessor-version":[{"id":146,"href":"http:\/\/www.pferdekardiologie.com\/index.php?rest_route=\/wp\/v2\/pages\/138\/revisions\/146"}],"wp:attachment":[{"href":"http:\/\/www.pferdekardiologie.com\/index.php?rest_route=%2Fwp%2Fv2%2Fmedia&parent=138"}],"curies":[{"name":"wp","href":"https:\/\/api.w.org\/{rel}","templated":true}]}}