{"id":27,"date":"2017-02-04T12:00:20","date_gmt":"2017-02-04T10:00:20","guid":{"rendered":"http:\/\/kardiologie-pferd.de\/?page_id=27"},"modified":"2017-02-26T13:30:36","modified_gmt":"2017-02-26T11:30:36","slug":"ueber-mich","status":"publish","type":"page","link":"http:\/\/www.pferdekardiologie.com\/?page_id=27","title":{"rendered":"\u00dcber mich"},"content":{"rendered":"<p>&nbsp;<\/p>\n<p><img data-recalc-dims=\"1\" loading=\"lazy\" decoding=\"async\" class=\"alignleft wp-image-43\" src=\"https:\/\/i0.wp.com\/www.pferdekardiologie.com\/wp-content\/uploads\/2016\/08\/ueber_mich.jpg?resize=318%2C480\" alt=\"Dr. Alexandra Feichtenschlager\" width=\"318\" height=\"480\" srcset=\"https:\/\/i0.wp.com\/www.pferdekardiologie.com\/wp-content\/uploads\/2016\/08\/ueber_mich.jpg?w=275 275w, https:\/\/i0.wp.com\/www.pferdekardiologie.com\/wp-content\/uploads\/2016\/08\/ueber_mich.jpg?resize=199%2C300 199w\" sizes=\"auto, (max-width: 318px) 100vw, 318px\" \/>1990 &#8211; 1996<br \/>\nStudium der Veterin\u00e4rmedizin an der Tier\u00e4rztlichen Hochschule Hannover<\/p>\n<p>1996<br \/>\nAprobation<\/p>\n<p>1995 &#8211; 1997<br \/>\nKardiologische Doktorarbeit in der Pferdeklinik der Tier\u00e4rztlichen Hochschule Hannover<\/p>\n<p>1997<br \/>\nPromotion<\/p>\n<p>1995 &#8211; 2001<br \/>\nAusbildung zur Fachtier\u00e4rztin f\u00fcr Pferde mit kardiologischer T\u00e4tigkeit<\/p>\n<p>2001<br \/>\nAnerkennung als Fachtier\u00e4rztin f\u00fcr Pferde<\/p>\n<p>2001<br \/>\nGr\u00fcndung der ersten Kardiologischen Praxis f\u00fcr Pferde<\/p>\n","protected":false},"excerpt":{"rendered":"<p>&nbsp; 1990 &#8211; 1996 Studium der Veterin\u00e4rmedizin an der Tier\u00e4rztlichen Hochschule Hannover 1996 Aprobation 1995 &#8211; 1997 Kardiologische Doktorarbeit in der Pferdeklinik der Tier\u00e4rztlichen Hochschule Hannover 1997 Promotion 1995 &#8211; 2001 Ausbildung zur Fachtier\u00e4rztin f\u00fcr Pferde mit kardiologischer T\u00e4tigkeit 2001 Anerkennung als Fachtier\u00e4rztin f\u00fcr Pferde 2001 Gr\u00fcndung der ersten Kardiologischen Praxis f\u00fcr Pferde<\/p>\n","protected":false},"author":1,"featured_media":0,"parent":0,"menu_order":1,"comment_status":"closed","ping_status":"closed","template":"","meta":{"jetpack_post_was_ever_published":false,"footnotes":""},"class_list":["post-27","page","type-page","status-publish","hentry"],"jetpack_sharing_enabled":true,"jetpack_shortlink":"https:\/\/wp.me\/P7Mp2k-r","_links":{"self":[{"href":"http:\/\/www.pferdekardiologie.com\/index.php?rest_route=\/wp\/v2\/pages\/27","targetHints":{"allow":["GET"]}}],"collection":[{"href":"http:\/\/www.pferdekardiologie.com\/index.php?rest_route=\/wp\/v2\/pages"}],"about":[{"href":"http:\/\/www.pferdekardiologie.com\/index.php?rest_route=\/wp\/v2\/types\/page"}],"author":[{"embeddable":true,"href":"http:\/\/www.pferdekardiologie.com\/index.php?rest_route=\/wp\/v2\/users\/1"}],"replies":[{"embeddable":true,"href":"http:\/\/www.pferdekardiologie.com\/index.php?rest_route=%2Fwp%2Fv2%2Fcomments&post=27"}],"version-history":[{"count":10,"href":"http:\/\/www.pferdekardiologie.com\/index.php?rest_route=\/wp\/v2\/pages\/27\/revisions"}],"predecessor-version":[{"id":82,"href":"http:\/\/www.pferdekardiologie.com\/index.php?rest_route=\/wp\/v2\/pages\/27\/revisions\/82"}],"wp:attachment":[{"href":"http:\/\/www.pferdekardiologie.com\/index.php?rest_route=%2Fwp%2Fv2%2Fmedia&parent=27"}],"curies":[{"name":"wp","href":"https:\/\/api.w.org\/{rel}","templated":true}]}}