{"id":31,"date":"2017-02-04T12:01:26","date_gmt":"2017-02-04T10:01:26","guid":{"rendered":"http:\/\/kardiologie-pferd.de\/?page_id=31"},"modified":"2024-04-18T13:24:09","modified_gmt":"2024-04-18T11:24:09","slug":"kontakt","status":"publish","type":"page","link":"http:\/\/www.pferdekardiologie.com\/?page_id=31","title":{"rendered":"Kontakt"},"content":{"rendered":"<p>Tierarztpraxis Am Kl\u00f6renhof<br \/>\nDr. med. vet. Alexandra Feichtenschlager<br \/>\nFachtier\u00e4rztin f\u00fcr Pferde<br \/>\nSchwerpunktt\u00e4tigkeit Kardiologie<\/p>\n<p>Votzh\u00f6fe 9<br \/>\n47877 Willich<br \/>\nTelefon: +49 (0) 2154 &#8211; 48 68 550<br \/>\nMobil:\u00a0\u00a0\u00a0 +49 (0) 172 &#8211; 60 00 753<br \/>\n<a href=\"mailto:info@pferdekardiologie.com?Subject=Anfrage_via_Kontaktformular\" target=\"_blank\">E-Mail: info at pferdekardiologie punkt com<\/a><\/p>\n<p>Terminabsprachen unter der Telefonnummer +49 (0) 2154 &#8211; 48 68 550 werktags in der Zeit von 8:00 &#8211; 13:00<\/p>\n","protected":false},"excerpt":{"rendered":"<p>Tierarztpraxis Am Kl\u00f6renhof Dr. med. vet. Alexandra Feichtenschlager Fachtier\u00e4rztin f\u00fcr Pferde Schwerpunktt\u00e4tigkeit Kardiologie Votzh\u00f6fe 9 47877 Willich Telefon: +49 (0) 2154 &#8211; 48 68 550 Mobil:\u00a0\u00a0\u00a0 +49 (0) 172 &#8211; 60 00 753 E-Mail: info at pferdekardiologie punkt com Terminabsprachen unter der Telefonnummer +49 (0) 2154 &#8211; 48 68 550 werktags in der Zeit von [&hellip;]<\/p>\n","protected":false},"author":1,"featured_media":0,"parent":0,"menu_order":3,"comment_status":"closed","ping_status":"closed","template":"","meta":{"jetpack_post_was_ever_published":false,"footnotes":""},"class_list":["post-31","page","type-page","status-publish","hentry"],"jetpack_sharing_enabled":true,"jetpack_shortlink":"https:\/\/wp.me\/P7Mp2k-v","_links":{"self":[{"href":"http:\/\/www.pferdekardiologie.com\/index.php?rest_route=\/wp\/v2\/pages\/31","targetHints":{"allow":["GET"]}}],"collection":[{"href":"http:\/\/www.pferdekardiologie.com\/index.php?rest_route=\/wp\/v2\/pages"}],"about":[{"href":"http:\/\/www.pferdekardiologie.com\/index.php?rest_route=\/wp\/v2\/types\/page"}],"author":[{"embeddable":true,"href":"http:\/\/www.pferdekardiologie.com\/index.php?rest_route=\/wp\/v2\/users\/1"}],"replies":[{"embeddable":true,"href":"http:\/\/www.pferdekardiologie.com\/index.php?rest_route=%2Fwp%2Fv2%2Fcomments&post=31"}],"version-history":[{"count":9,"href":"http:\/\/www.pferdekardiologie.com\/index.php?rest_route=\/wp\/v2\/pages\/31\/revisions"}],"predecessor-version":[{"id":127,"href":"http:\/\/www.pferdekardiologie.com\/index.php?rest_route=\/wp\/v2\/pages\/31\/revisions\/127"}],"wp:attachment":[{"href":"http:\/\/www.pferdekardiologie.com\/index.php?rest_route=%2Fwp%2Fv2%2Fmedia&parent=31"}],"curies":[{"name":"wp","href":"https:\/\/api.w.org\/{rel}","templated":true}]}}