{"id":36,"date":"2017-02-17T14:41:59","date_gmt":"2017-02-17T12:41:59","guid":{"rendered":"http:\/\/www.pferdekardiologie.com\/?page_id=36"},"modified":"2025-10-06T19:34:28","modified_gmt":"2025-10-06T17:34:28","slug":"willkommen","status":"publish","type":"page","link":"http:\/\/www.pferdekardiologie.com\/","title":{"rendered":"Willkommen"},"content":{"rendered":"<div id=\"mainPage_WRichText_1\" class=\"s3\" data-reactid=\".0.$SITE_ROOT.$desktop_siteRoot.$PAGES_CONTAINER.1.1.$SITE_PAGES.$mainPage.1.$mainPage_WRichText_1\">\n<h5 class=\"font_5\">Herzlich Willkommen!<\/h5>\n<h5 class=\"font_5\"><\/h5>\n<\/div>\n<p style=\"text-align: justify;\">Ich begr\u00fc\u00dfe Sie herzlich auf meiner Internetseite und freue mich \u00fcber Ihren Besuch.<img data-recalc-dims=\"1\" loading=\"lazy\" decoding=\"async\" class=\"alignright size-full wp-image-43\" src=\"https:\/\/i0.wp.com\/www.pferdekardiologie.com\/wp-content\/uploads\/2016\/08\/ueber_mich.jpg?resize=275%2C415\" alt=\"Dr. Alexandra Feichtenschlager\" width=\"275\" height=\"415\" srcset=\"https:\/\/i0.wp.com\/www.pferdekardiologie.com\/wp-content\/uploads\/2016\/08\/ueber_mich.jpg?w=275 275w, https:\/\/i0.wp.com\/www.pferdekardiologie.com\/wp-content\/uploads\/2016\/08\/ueber_mich.jpg?resize=199%2C300 199w\" sizes=\"auto, (max-width: 275px) 100vw, 275px\" \/><\/p>\n<div id=\"comp-ijfnudl0\" class=\"s3\" data-reactid=\".0.$SITE_ROOT.$desktop_siteRoot.$PAGES_CONTAINER.1.1.$SITE_PAGES.$mainPage.1.$comp-ijfnudl0\">\n<p class=\"font_7\" style=\"text-align: justify;\">Sie sind auf der Suche nach einer kompetenten Herzuntersuchung f\u00fcr Ihr Pferd? Dann sind Sie hier genau richtig! Seit \u00fcber 30 Jahren bin ich im Bereich Pferdekardiologie t\u00e4tig. Der Kreis meiner Patienten reicht vom Freizeitpferd bis zum international erfolgreichen Sportpferd.<\/p>\n<p class=\"font_7\" style=\"text-align: justify;\">Bisher einzigartig: Seit 2001 biete ich deutschlandweit sowie im benachbarten Ausland mobile Herzuntersuchungen auf Klinikniveau vor Ort im Stall an. Selbstverst\u00e4ndlich sind Sie mit Ihrem Pferd auch auf unserer Anlage herzlich willkommen, alle Herzuntersuchungen durchf\u00fchren zu lassen. Auf den folgenden Seiten stelle ich Ihnen gerne die Untersuchungs- und Therapiem\u00f6glichkeiten am Herzen vor, so dass Sie die M\u00f6glichkeit haben, sich umfassend zu informieren.<\/p>\n<p class=\"font_7\" style=\"text-align: justify;\">Gerne beantworte ich Ihre Fragen auch in einem pers\u00f6nlichen Gespr\u00e4ch.<br \/>\nSie erreichen mich telefonisch unter <a href=\"tel:+491726000753\" target=\"_blank\" rel=\"noopener\">+49 (0) 172-60 00 753<\/a> oder senden Sie mir eine <a href=\"mailto:info@pferdekardiologie.com?Subject=Anfrage_via_Kontaktformular\" target=\"_blank\" rel=\"noopener\">E-Mail: info at pferdekardiologie punkt com<\/a>.<\/p>\n<p class=\"font_7\">Zun\u00e4chst w\u00fcnsche ich Ihnen viel Spa\u00df beim Lesen,<\/p>\n<p class=\"font_7\">Ihre Alexandra Feichtenschlager<\/p>\n<\/div>\n","protected":false},"excerpt":{"rendered":"<p>Herzlich Willkommen! Ich begr\u00fc\u00dfe Sie herzlich auf meiner Internetseite und freue mich \u00fcber Ihren Besuch. Sie sind auf der Suche nach einer kompetenten Herzuntersuchung f\u00fcr Ihr Pferd? Dann sind Sie hier genau richtig! Seit \u00fcber 30 Jahren bin ich im Bereich Pferdekardiologie t\u00e4tig. Der Kreis meiner Patienten reicht vom Freizeitpferd bis zum international erfolgreichen Sportpferd. [&hellip;]<\/p>\n","protected":false},"author":1,"featured_media":0,"parent":0,"menu_order":0,"comment_status":"closed","ping_status":"closed","template":"","meta":{"jetpack_post_was_ever_published":false,"footnotes":""},"class_list":["post-36","page","type-page","status-publish","hentry"],"jetpack_sharing_enabled":true,"jetpack_shortlink":"https:\/\/wp.me\/P7Mp2k-A","_links":{"self":[{"href":"http:\/\/www.pferdekardiologie.com\/index.php?rest_route=\/wp\/v2\/pages\/36","targetHints":{"allow":["GET"]}}],"collection":[{"href":"http:\/\/www.pferdekardiologie.com\/index.php?rest_route=\/wp\/v2\/pages"}],"about":[{"href":"http:\/\/www.pferdekardiologie.com\/index.php?rest_route=\/wp\/v2\/types\/page"}],"author":[{"embeddable":true,"href":"http:\/\/www.pferdekardiologie.com\/index.php?rest_route=\/wp\/v2\/users\/1"}],"replies":[{"embeddable":true,"href":"http:\/\/www.pferdekardiologie.com\/index.php?rest_route=%2Fwp%2Fv2%2Fcomments&post=36"}],"version-history":[{"count":7,"href":"http:\/\/www.pferdekardiologie.com\/index.php?rest_route=\/wp\/v2\/pages\/36\/revisions"}],"predecessor-version":[{"id":133,"href":"http:\/\/www.pferdekardiologie.com\/index.php?rest_route=\/wp\/v2\/pages\/36\/revisions\/133"}],"wp:attachment":[{"href":"http:\/\/www.pferdekardiologie.com\/index.php?rest_route=%2Fwp%2Fv2%2Fmedia&parent=36"}],"curies":[{"name":"wp","href":"https:\/\/api.w.org\/{rel}","templated":true}]}}